{"id":13828,"date":"2022-06-08T17:30:51","date_gmt":"2022-06-08T15:30:51","guid":{"rendered":"https:\/\/lepalaisdescerisiers.com\/experiences\/"},"modified":"2022-07-26T16:46:36","modified_gmt":"2022-07-26T14:46:36","slug":"experiences","status":"publish","type":"page","link":"https:\/\/www.lepalaisdescerisiers.com\/en\/experiences\/","title":{"rendered":"Experiences"},"content":{"rendered":"\t\t<div data-elementor-type=\"wp-page\" data-elementor-id=\"13828\" class=\"elementor elementor-13828 elementor-13006\">\n\t\t\t\t\t\t<section class=\"elementor-section elementor-top-section elementor-element elementor-element-f62dd08 elementor-section-boxed elementor-section-height-default elementor-section-height-default qodef-elementor-content-no\" data-id=\"f62dd08\" data-element_type=\"section\">\n\t\t\t\t\t\t<div class=\"elementor-container elementor-column-gap-default\">\n\t\t\t\t\t<div class=\"elementor-column elementor-col-100 elementor-top-column elementor-element elementor-element-92e068d\" data-id=\"92e068d\" data-element_type=\"column\">\n\t\t\t<div class=\"elementor-widget-wrap elementor-element-populated\">\n\t\t\t\t\t\t<div class=\"elementor-element elementor-element-6bc28b3 experience-list elementor-widget elementor-widget-augustine_core_blog_list\" data-id=\"6bc28b3\" data-element_type=\"widget\" data-widget_type=\"augustine_core_blog_list.default\">\n\t\t\t\t<div class=\"elementor-widget-container\">\n\t\t\t\t\t<div class=\"qodef-shortcode qodef-m  qodef-blog qodef--list qodef-item-layout--standard   qodef-grid qodef-swiper-container  qodef-gutter--small qodef-col-num--2 qodef-item-layout--standard qodef--no-bottom-space qodef-pagination--off qodef-responsive--predefined\" data-options=\"{&quot;slidesPerView&quot;:&quot;2&quot;,&quot;spaceBetween&quot;:20,&quot;loop&quot;:true,&quot;autoplay&quot;:true,&quot;speed&quot;:&quot;&quot;,&quot;speedAnimation&quot;:&quot;&quot;,&quot;centeredSlides&quot;:false,&quot;effect&quot;:&quot;slide&quot;}\">\n\t<div class=\"swiper-wrapper\">\n\t\t<article class=\"qodef-e qodef-blog-item qodef-grid-item swiper-slide qodef-item--full post-13954 post type-post status-publish format-standard hentry category-non-classe\">\n\t<div class=\"qodef-e-inner\">\n\t\t<div class=\"qodef-e-media\">\n\n\t\t<div class=\"qodef-e-media-image\">\n\t\t<a itemprop=\"url\" href=\"https:\/\/www.lepalaisdescerisiers.com\/en\/mountain-bike\/\">\n\t\t\t<img fetchpriority=\"high\" decoding=\"async\" width=\"1000\" height=\"1100\" src=\"https:\/\/www.lepalaisdescerisiers.com\/wp-content\/uploads\/2022\/06\/group-friends-ride-mountain-bike-forest-together.jpg\" class=\"attachment-full size-full\" alt=\"\" srcset=\"https:\/\/www.lepalaisdescerisiers.com\/wp-content\/uploads\/2022\/06\/group-friends-ride-mountain-bike-forest-together.jpg 1000w, https:\/\/www.lepalaisdescerisiers.com\/wp-content\/uploads\/2022\/06\/group-friends-ride-mountain-bike-forest-together-273x300.jpg 273w, https:\/\/www.lepalaisdescerisiers.com\/wp-content\/uploads\/2022\/06\/group-friends-ride-mountain-bike-forest-together-931x1024.jpg 931w, https:\/\/www.lepalaisdescerisiers.com\/wp-content\/uploads\/2022\/06\/group-friends-ride-mountain-bike-forest-together-768x845.jpg 768w\" sizes=\"(max-width: 1000px) 100vw, 1000px\" \/>\t\t<\/a>\n\t<\/div>\n\t<div itemprop=\"dateCreated\" class=\"qodef-e-info-item qodef-e-info-date entry-date \">\n\t<a itemprop=\"url\" href=\"https:\/\/www.lepalaisdescerisiers.com\/en\/2022\/07\/\">25 July 2022<\/a>\n<\/div><\/div>\t\t<div class=\"qodef-e-content\">\n\t\t\t<div class=\"qodef-e-info qodef-info--top\">\n\t\t\t\t<div class=\"qodef-e-info-item qodef-e-info-category\">\n\t<a href=\"https:\/\/www.lepalaisdescerisiers.com\/en\/category\/non-classe\/\" rel=\"category tag\">Non class\u00e9<\/a><\/div>\t\t\t<\/div>\n\t\t\t<div class=\"qodef-e-text\">\n\t\t\t\t<h4 itemprop=\"name\" class=\"qodef-e-title entry-title\">\n\t\t\t<a itemprop=\"url\" class=\"qodef-e-title-link\" href=\"https:\/\/www.lepalaisdescerisiers.com\/en\/mountain-bike\/\">\n\t\t\tMountain bike\t\t\t<\/a>\n\t<\/h4>\t\t<p itemprop=\"description\" class=\"qodef-e-excerpt\">\n\t\t\tMountain bikes are at your disposal to discover the surrounding landscapes.\t\t<\/p>\n\t\t\t\t<\/div>\n\t\t\t<div class=\"qodef-e-info qodef-info--bottom\">\n\t\t\t\t<div class=\"qodef-e-info-left\">\n\t\t\t\t\t\t<div class=\"qodef-e-read-more\">\n\t\t<a class=\"qodef-shortcode qodef-m  qodef-button qodef-layout--textual  qodef-html--link \" href=\"https:\/\/www.lepalaisdescerisiers.com\/en\/mountain-bike\/\" target=\"_self\"  >\t<span class=\"qodef-m-text\">Read More<\/span><\/a>\t<\/div>\n\t\t\t\t<\/div>\n\t\t\t\t<div class=\"qodef-e-info-right\">\n\n\t\t\t\t<\/div>\n\t\t\t<\/div>\n\t\t<\/div>\n\t<\/div>\n<\/article><article class=\"qodef-e qodef-blog-item qodef-grid-item swiper-slide qodef-item--full post-13929 post type-post status-publish format-standard hentry category-non-classe\">\n\t<div class=\"qodef-e-inner\">\n\t\t<div class=\"qodef-e-media\">\n\n\t\t<div class=\"qodef-e-media-image\">\n\t\t<a itemprop=\"url\" href=\"https:\/\/www.lepalaisdescerisiers.com\/en\/randonnees\/\">\n\t\t\t<img decoding=\"async\" width=\"1000\" height=\"1100\" src=\"https:\/\/www.lepalaisdescerisiers.com\/wp-content\/uploads\/2022\/06\/group-people-walking-trek-bali.jpg\" class=\"attachment-full size-full\" alt=\"\" srcset=\"https:\/\/www.lepalaisdescerisiers.com\/wp-content\/uploads\/2022\/06\/group-people-walking-trek-bali.jpg 1000w, https:\/\/www.lepalaisdescerisiers.com\/wp-content\/uploads\/2022\/06\/group-people-walking-trek-bali-273x300.jpg 273w, https:\/\/www.lepalaisdescerisiers.com\/wp-content\/uploads\/2022\/06\/group-people-walking-trek-bali-931x1024.jpg 931w, https:\/\/www.lepalaisdescerisiers.com\/wp-content\/uploads\/2022\/06\/group-people-walking-trek-bali-768x845.jpg 768w\" sizes=\"(max-width: 1000px) 100vw, 1000px\" \/>\t\t<\/a>\n\t<\/div>\n\t<div itemprop=\"dateCreated\" class=\"qodef-e-info-item qodef-e-info-date entry-date \">\n\t<a itemprop=\"url\" href=\"https:\/\/www.lepalaisdescerisiers.com\/en\/2022\/07\/\">25 July 2022<\/a>\n<\/div><\/div>\t\t<div class=\"qodef-e-content\">\n\t\t\t<div class=\"qodef-e-info qodef-info--top\">\n\t\t\t\t<div class=\"qodef-e-info-item qodef-e-info-category\">\n\t<a href=\"https:\/\/www.lepalaisdescerisiers.com\/en\/category\/non-classe\/\" rel=\"category tag\">Non class\u00e9<\/a><\/div>\t\t\t<\/div>\n\t\t\t<div class=\"qodef-e-text\">\n\t\t\t\t<h4 itemprop=\"name\" class=\"qodef-e-title entry-title\">\n\t\t\t<a itemprop=\"url\" class=\"qodef-e-title-link\" href=\"https:\/\/www.lepalaisdescerisiers.com\/en\/randonnees\/\">\n\t\t\tHiking\t\t\t<\/a>\n\t<\/h4>\t\t<p itemprop=\"description\" class=\"qodef-e-excerpt\">\n\t\t\tThe national parks of Ifrane and Kh\u00e9nifra are crisscrossed by many hiking trails. Local guides offer excursions from the hotel. Inquire at the reception.\t\t<\/p>\n\t\t\t\t<\/div>\n\t\t\t<div class=\"qodef-e-info qodef-info--bottom\">\n\t\t\t\t<div class=\"qodef-e-info-left\">\n\t\t\t\t\t\t<div class=\"qodef-e-read-more\">\n\t\t<a class=\"qodef-shortcode qodef-m  qodef-button qodef-layout--textual  qodef-html--link \" href=\"https:\/\/www.lepalaisdescerisiers.com\/en\/randonnees\/\" target=\"_self\"  >\t<span class=\"qodef-m-text\">Read More<\/span><\/a>\t<\/div>\n\t\t\t\t<\/div>\n\t\t\t\t<div class=\"qodef-e-info-right\">\n\n\t\t\t\t<\/div>\n\t\t\t<\/div>\n\t\t<\/div>\n\t<\/div>\n<\/article><article class=\"qodef-e qodef-blog-item qodef-grid-item swiper-slide qodef-item--full post-13926 post type-post status-publish format-standard hentry category-non-classe\">\n\t<div class=\"qodef-e-inner\">\n\t\t<div class=\"qodef-e-media\">\n\n\t\t<div class=\"qodef-e-media-image\">\n\t\t<a itemprop=\"url\" href=\"https:\/\/www.lepalaisdescerisiers.com\/en\/balades-a-cheval\/\">\n\t\t\t<img decoding=\"async\" width=\"1000\" height=\"1100\" src=\"https:\/\/www.lepalaisdescerisiers.com\/wp-content\/uploads\/2022\/06\/rider-woman-walking-with-her-horse-ranch-woman-has-long-hair-black-clothes-female-equestrian-holding-horse-reins.jpg\" class=\"attachment-full size-full\" alt=\"\" srcset=\"https:\/\/www.lepalaisdescerisiers.com\/wp-content\/uploads\/2022\/06\/rider-woman-walking-with-her-horse-ranch-woman-has-long-hair-black-clothes-female-equestrian-holding-horse-reins.jpg 1000w, https:\/\/www.lepalaisdescerisiers.com\/wp-content\/uploads\/2022\/06\/rider-woman-walking-with-her-horse-ranch-woman-has-long-hair-black-clothes-female-equestrian-holding-horse-reins-273x300.jpg 273w, https:\/\/www.lepalaisdescerisiers.com\/wp-content\/uploads\/2022\/06\/rider-woman-walking-with-her-horse-ranch-woman-has-long-hair-black-clothes-female-equestrian-holding-horse-reins-931x1024.jpg 931w, https:\/\/www.lepalaisdescerisiers.com\/wp-content\/uploads\/2022\/06\/rider-woman-walking-with-her-horse-ranch-woman-has-long-hair-black-clothes-female-equestrian-holding-horse-reins-768x845.jpg 768w\" sizes=\"(max-width: 1000px) 100vw, 1000px\" \/>\t\t<\/a>\n\t<\/div>\n\t<div itemprop=\"dateCreated\" class=\"qodef-e-info-item qodef-e-info-date entry-date \">\n\t<a itemprop=\"url\" href=\"https:\/\/www.lepalaisdescerisiers.com\/en\/2022\/07\/\">25 July 2022<\/a>\n<\/div><\/div>\t\t<div class=\"qodef-e-content\">\n\t\t\t<div class=\"qodef-e-info qodef-info--top\">\n\t\t\t\t<div class=\"qodef-e-info-item qodef-e-info-category\">\n\t<a href=\"https:\/\/www.lepalaisdescerisiers.com\/en\/category\/non-classe\/\" rel=\"category tag\">Non class\u00e9<\/a><\/div>\t\t\t<\/div>\n\t\t\t<div class=\"qodef-e-text\">\n\t\t\t\t<h4 itemprop=\"name\" class=\"qodef-e-title entry-title\">\n\t\t\t<a itemprop=\"url\" class=\"qodef-e-title-link\" href=\"https:\/\/www.lepalaisdescerisiers.com\/en\/balades-a-cheval\/\">\n\t\t\tHorseback riding\t\t\t<\/a>\n\t<\/h4>\t\t<p itemprop=\"description\" class=\"qodef-e-excerpt\">\n\t\t\tFor an authentic experience, meet our guide from the hotel for an unforgettable walk through the cedar forest. Accessible to all. Inquire at the reception.\t\t<\/p>\n\t\t\t\t<\/div>\n\t\t\t<div class=\"qodef-e-info qodef-info--bottom\">\n\t\t\t\t<div class=\"qodef-e-info-left\">\n\t\t\t\t\t\t<div class=\"qodef-e-read-more\">\n\t\t<a class=\"qodef-shortcode qodef-m  qodef-button qodef-layout--textual  qodef-html--link \" href=\"https:\/\/www.lepalaisdescerisiers.com\/en\/balades-a-cheval\/\" target=\"_self\"  >\t<span class=\"qodef-m-text\">Read More<\/span><\/a>\t<\/div>\n\t\t\t\t<\/div>\n\t\t\t\t<div class=\"qodef-e-info-right\">\n\n\t\t\t\t<\/div>\n\t\t\t<\/div>\n\t\t<\/div>\n\t<\/div>\n<\/article><article class=\"qodef-e qodef-blog-item qodef-grid-item swiper-slide qodef-item--full post-13923 post type-post status-publish format-standard hentry category-non-classe\">\n\t<div class=\"qodef-e-inner\">\n\t\t<div class=\"qodef-e-media\">\n\n\t\t<div class=\"qodef-e-media-image\">\n\t\t<a itemprop=\"url\" href=\"https:\/\/www.lepalaisdescerisiers.com\/en\/tennis\/\">\n\t\t\t<img loading=\"lazy\" decoding=\"async\" width=\"1000\" height=\"1100\" src=\"https:\/\/www.lepalaisdescerisiers.com\/wp-content\/uploads\/2022\/06\/IMG_7093-1.jpg\" class=\"attachment-full size-full\" alt=\"\" srcset=\"https:\/\/www.lepalaisdescerisiers.com\/wp-content\/uploads\/2022\/06\/IMG_7093-1.jpg 1000w, https:\/\/www.lepalaisdescerisiers.com\/wp-content\/uploads\/2022\/06\/IMG_7093-1-273x300.jpg 273w, https:\/\/www.lepalaisdescerisiers.com\/wp-content\/uploads\/2022\/06\/IMG_7093-1-931x1024.jpg 931w, https:\/\/www.lepalaisdescerisiers.com\/wp-content\/uploads\/2022\/06\/IMG_7093-1-768x845.jpg 768w\" sizes=\"(max-width: 1000px) 100vw, 1000px\" \/>\t\t<\/a>\n\t<\/div>\n\t<div itemprop=\"dateCreated\" class=\"qodef-e-info-item qodef-e-info-date entry-date \">\n\t<a itemprop=\"url\" href=\"https:\/\/www.lepalaisdescerisiers.com\/en\/2022\/07\/\">25 July 2022<\/a>\n<\/div><\/div>\t\t<div class=\"qodef-e-content\">\n\t\t\t<div class=\"qodef-e-info qodef-info--top\">\n\t\t\t\t<div class=\"qodef-e-info-item qodef-e-info-category\">\n\t<a href=\"https:\/\/www.lepalaisdescerisiers.com\/en\/category\/non-classe\/\" rel=\"category tag\">Non class\u00e9<\/a><\/div>\t\t\t<\/div>\n\t\t\t<div class=\"qodef-e-text\">\n\t\t\t\t<h4 itemprop=\"name\" class=\"qodef-e-title entry-title\">\n\t\t\t<a itemprop=\"url\" class=\"qodef-e-title-link\" href=\"https:\/\/www.lepalaisdescerisiers.com\/en\/tennis\/\">\n\t\t\tTennis\t\t\t<\/a>\n\t<\/h4>\t\t<p itemprop=\"description\" class=\"qodef-e-excerpt\">\n\t\t\tFor yellow ball aficionados, a tennis court is available. Don&#8217;t have your racket? Go to the reception, we can lend you the equipment.\t\t<\/p>\n\t\t\t\t<\/div>\n\t\t\t<div class=\"qodef-e-info qodef-info--bottom\">\n\t\t\t\t<div class=\"qodef-e-info-left\">\n\t\t\t\t\t\t<div class=\"qodef-e-read-more\">\n\t\t<a class=\"qodef-shortcode qodef-m  qodef-button qodef-layout--textual  qodef-html--link \" href=\"https:\/\/www.lepalaisdescerisiers.com\/en\/tennis\/\" target=\"_self\"  >\t<span class=\"qodef-m-text\">Read More<\/span><\/a>\t<\/div>\n\t\t\t\t<\/div>\n\t\t\t\t<div class=\"qodef-e-info-right\">\n\n\t\t\t\t<\/div>\n\t\t\t<\/div>\n\t\t<\/div>\n\t<\/div>\n<\/article>\t<\/div>\n\t\t<div class=\"swiper-button-prev \"><svg  xmlns=\"http:\/\/www.w3.org\/2000\/svg\" xmlns:xlink=\"http:\/\/www.w3.org\/1999\/xlink\" x=\"0px\" y=\"0px\" viewBox=\"0 0 64 64\" stroke-width=\"2\" xml:space=\"preserve\"><polyline points=\"37,15 20,32 37,49\"\/><\/svg><\/div>\n\t<div class=\"swiper-button-next \"><svg  xmlns=\"http:\/\/www.w3.org\/2000\/svg\" xmlns:xlink=\"http:\/\/www.w3.org\/1999\/xlink\" x=\"0px\" y=\"0px\" viewBox=\"0 0 64 64\" stroke-width=\"2\" xml:space=\"preserve\"><polyline points=\"27,15 44,32 27,49\"\/><\/svg><\/div>\n\t<\/div>\t\t\t\t<\/div>\n\t\t\t\t<\/div>\n\t\t\t\t\t<\/div>\n\t\t<\/div>\n\t\t\t\t\t<\/div>\n\t\t<\/section>\n\t\t\t\t<\/div>\n\t\t","protected":false},"excerpt":{"rendered":"<p>25 juillet 2022 Non classifi\u00e9(e) Location de v\u00e9los Des VTT sont \u00e0 votre disposition pour partir \u00e0 la d\u00e9couverte des paysages alentours. Read More 25 juillet 2022 Non classifi\u00e9(e) Randonn\u00e9es Les parcs nationaux d\u2019Ifrane et de Kh\u00e9nifra sont sillonn\u00e9s par de nombreux chemins de randonn\u00e9e. Des guides locaux proposent des excursions au d\u00e9part de l\u2019h\u00f4tel. [&hellip;]<\/p>\n","protected":false},"author":1,"featured_media":0,"parent":0,"menu_order":0,"comment_status":"closed","ping_status":"closed","template":"page-full-width.php","meta":{"footnotes":""},"class_list":["post-13828","page","type-page","status-publish","hentry"],"yoast_head":"<!-- This site is optimized with the Yoast SEO plugin v26.1.1 - https:\/\/yoast.com\/wordpress\/plugins\/seo\/ -->\n<title>Experiences - Palais des cerisiers<\/title>\n<meta name=\"robots\" content=\"index, follow, max-snippet:-1, max-image-preview:large, max-video-preview:-1\" \/>\n<link rel=\"canonical\" href=\"https:\/\/www.lepalaisdescerisiers.com\/en\/experiences\/\" \/>\n<meta property=\"og:locale\" content=\"en_US\" \/>\n<meta property=\"og:type\" content=\"article\" \/>\n<meta property=\"og:title\" content=\"Experiences - Palais des cerisiers\" \/>\n<meta property=\"og:description\" content=\"25 juillet 2022 Non classifi\u00e9(e) Location de v\u00e9los Des VTT sont \u00e0 votre disposition pour partir \u00e0 la d\u00e9couverte des paysages alentours. Read More 25 juillet 2022 Non classifi\u00e9(e) Randonn\u00e9es Les parcs nationaux d\u2019Ifrane et de Kh\u00e9nifra sont sillonn\u00e9s par de nombreux chemins de randonn\u00e9e. Des guides locaux proposent des excursions au d\u00e9part de l\u2019h\u00f4tel. [&hellip;]\" \/>\n<meta property=\"og:url\" content=\"https:\/\/www.lepalaisdescerisiers.com\/en\/experiences\/\" \/>\n<meta property=\"og:site_name\" content=\"Palais des cerisiers\" \/>\n<meta property=\"article:modified_time\" content=\"2022-07-26T14:46:36+00:00\" \/>\n<meta property=\"og:image\" content=\"https:\/\/lepalaisdescerisiers.com\/wp-content\/uploads\/2022\/06\/group-friends-ride-mountain-bike-forest-together.jpg\" \/>\n<meta name=\"twitter:card\" content=\"summary_large_image\" \/>\n<meta name=\"twitter:label1\" content=\"Est. reading time\" \/>\n\t<meta name=\"twitter:data1\" content=\"1 minute\" \/>\n<script type=\"application\/ld+json\" class=\"yoast-schema-graph\">{\"@context\":\"https:\/\/schema.org\",\"@graph\":[{\"@type\":\"WebPage\",\"@id\":\"https:\/\/www.lepalaisdescerisiers.com\/en\/experiences\/\",\"url\":\"https:\/\/www.lepalaisdescerisiers.com\/en\/experiences\/\",\"name\":\"Experiences - Palais des cerisiers\",\"isPartOf\":{\"@id\":\"https:\/\/www.lepalaisdescerisiers.com\/#website\"},\"primaryImageOfPage\":{\"@id\":\"https:\/\/www.lepalaisdescerisiers.com\/en\/experiences\/#primaryimage\"},\"image\":{\"@id\":\"https:\/\/www.lepalaisdescerisiers.com\/en\/experiences\/#primaryimage\"},\"thumbnailUrl\":\"https:\/\/lepalaisdescerisiers.com\/wp-content\/uploads\/2022\/06\/group-friends-ride-mountain-bike-forest-together.jpg\",\"datePublished\":\"2022-06-08T15:30:51+00:00\",\"dateModified\":\"2022-07-26T14:46:36+00:00\",\"breadcrumb\":{\"@id\":\"https:\/\/www.lepalaisdescerisiers.com\/en\/experiences\/#breadcrumb\"},\"inLanguage\":\"en-US\",\"potentialAction\":[{\"@type\":\"ReadAction\",\"target\":[\"https:\/\/www.lepalaisdescerisiers.com\/en\/experiences\/\"]}]},{\"@type\":\"ImageObject\",\"inLanguage\":\"en-US\",\"@id\":\"https:\/\/www.lepalaisdescerisiers.com\/en\/experiences\/#primaryimage\",\"url\":\"https:\/\/lepalaisdescerisiers.com\/wp-content\/uploads\/2022\/06\/group-friends-ride-mountain-bike-forest-together.jpg\",\"contentUrl\":\"https:\/\/lepalaisdescerisiers.com\/wp-content\/uploads\/2022\/06\/group-friends-ride-mountain-bike-forest-together.jpg\"},{\"@type\":\"BreadcrumbList\",\"@id\":\"https:\/\/www.lepalaisdescerisiers.com\/en\/experiences\/#breadcrumb\",\"itemListElement\":[{\"@type\":\"ListItem\",\"position\":1,\"name\":\"Accueil\",\"item\":\"https:\/\/www.lepalaisdescerisiers.com\/en\/\"},{\"@type\":\"ListItem\",\"position\":2,\"name\":\"Experiences\"}]},{\"@type\":\"WebSite\",\"@id\":\"https:\/\/www.lepalaisdescerisiers.com\/#website\",\"url\":\"https:\/\/www.lepalaisdescerisiers.com\/\",\"name\":\"Palais des cerisiers\",\"description\":\"Un site utilisant WordPress\",\"potentialAction\":[{\"@type\":\"SearchAction\",\"target\":{\"@type\":\"EntryPoint\",\"urlTemplate\":\"https:\/\/www.lepalaisdescerisiers.com\/?s={search_term_string}\"},\"query-input\":{\"@type\":\"PropertyValueSpecification\",\"valueRequired\":true,\"valueName\":\"search_term_string\"}}],\"inLanguage\":\"en-US\"}]}<\/script>\n<!-- \/ Yoast SEO plugin. -->","yoast_head_json":{"title":"Experiences - Palais des cerisiers","robots":{"index":"index","follow":"follow","max-snippet":"max-snippet:-1","max-image-preview":"max-image-preview:large","max-video-preview":"max-video-preview:-1"},"canonical":"https:\/\/www.lepalaisdescerisiers.com\/en\/experiences\/","og_locale":"en_US","og_type":"article","og_title":"Experiences - Palais des cerisiers","og_description":"25 juillet 2022 Non classifi\u00e9(e) Location de v\u00e9los Des VTT sont \u00e0 votre disposition pour partir \u00e0 la d\u00e9couverte des paysages alentours. Read More 25 juillet 2022 Non classifi\u00e9(e) Randonn\u00e9es Les parcs nationaux d\u2019Ifrane et de Kh\u00e9nifra sont sillonn\u00e9s par de nombreux chemins de randonn\u00e9e. Des guides locaux proposent des excursions au d\u00e9part de l\u2019h\u00f4tel. [&hellip;]","og_url":"https:\/\/www.lepalaisdescerisiers.com\/en\/experiences\/","og_site_name":"Palais des cerisiers","article_modified_time":"2022-07-26T14:46:36+00:00","og_image":[{"url":"https:\/\/lepalaisdescerisiers.com\/wp-content\/uploads\/2022\/06\/group-friends-ride-mountain-bike-forest-together.jpg","type":"","width":"","height":""}],"twitter_card":"summary_large_image","twitter_misc":{"Est. reading time":"1 minute"},"schema":{"@context":"https:\/\/schema.org","@graph":[{"@type":"WebPage","@id":"https:\/\/www.lepalaisdescerisiers.com\/en\/experiences\/","url":"https:\/\/www.lepalaisdescerisiers.com\/en\/experiences\/","name":"Experiences - Palais des cerisiers","isPartOf":{"@id":"https:\/\/www.lepalaisdescerisiers.com\/#website"},"primaryImageOfPage":{"@id":"https:\/\/www.lepalaisdescerisiers.com\/en\/experiences\/#primaryimage"},"image":{"@id":"https:\/\/www.lepalaisdescerisiers.com\/en\/experiences\/#primaryimage"},"thumbnailUrl":"https:\/\/lepalaisdescerisiers.com\/wp-content\/uploads\/2022\/06\/group-friends-ride-mountain-bike-forest-together.jpg","datePublished":"2022-06-08T15:30:51+00:00","dateModified":"2022-07-26T14:46:36+00:00","breadcrumb":{"@id":"https:\/\/www.lepalaisdescerisiers.com\/en\/experiences\/#breadcrumb"},"inLanguage":"en-US","potentialAction":[{"@type":"ReadAction","target":["https:\/\/www.lepalaisdescerisiers.com\/en\/experiences\/"]}]},{"@type":"ImageObject","inLanguage":"en-US","@id":"https:\/\/www.lepalaisdescerisiers.com\/en\/experiences\/#primaryimage","url":"https:\/\/lepalaisdescerisiers.com\/wp-content\/uploads\/2022\/06\/group-friends-ride-mountain-bike-forest-together.jpg","contentUrl":"https:\/\/lepalaisdescerisiers.com\/wp-content\/uploads\/2022\/06\/group-friends-ride-mountain-bike-forest-together.jpg"},{"@type":"BreadcrumbList","@id":"https:\/\/www.lepalaisdescerisiers.com\/en\/experiences\/#breadcrumb","itemListElement":[{"@type":"ListItem","position":1,"name":"Accueil","item":"https:\/\/www.lepalaisdescerisiers.com\/en\/"},{"@type":"ListItem","position":2,"name":"Experiences"}]},{"@type":"WebSite","@id":"https:\/\/www.lepalaisdescerisiers.com\/#website","url":"https:\/\/www.lepalaisdescerisiers.com\/","name":"Palais des cerisiers","description":"Un site utilisant WordPress","potentialAction":[{"@type":"SearchAction","target":{"@type":"EntryPoint","urlTemplate":"https:\/\/www.lepalaisdescerisiers.com\/?s={search_term_string}"},"query-input":{"@type":"PropertyValueSpecification","valueRequired":true,"valueName":"search_term_string"}}],"inLanguage":"en-US"}]}},"_links":{"self":[{"href":"https:\/\/www.lepalaisdescerisiers.com\/en\/wp-json\/wp\/v2\/pages\/13828","targetHints":{"allow":["GET"]}}],"collection":[{"href":"https:\/\/www.lepalaisdescerisiers.com\/en\/wp-json\/wp\/v2\/pages"}],"about":[{"href":"https:\/\/www.lepalaisdescerisiers.com\/en\/wp-json\/wp\/v2\/types\/page"}],"author":[{"embeddable":true,"href":"https:\/\/www.lepalaisdescerisiers.com\/en\/wp-json\/wp\/v2\/users\/1"}],"replies":[{"embeddable":true,"href":"https:\/\/www.lepalaisdescerisiers.com\/en\/wp-json\/wp\/v2\/comments?post=13828"}],"version-history":[{"count":10,"href":"https:\/\/www.lepalaisdescerisiers.com\/en\/wp-json\/wp\/v2\/pages\/13828\/revisions"}],"predecessor-version":[{"id":13984,"href":"https:\/\/www.lepalaisdescerisiers.com\/en\/wp-json\/wp\/v2\/pages\/13828\/revisions\/13984"}],"wp:attachment":[{"href":"https:\/\/www.lepalaisdescerisiers.com\/en\/wp-json\/wp\/v2\/media?parent=13828"}],"curies":[{"name":"wp","href":"https:\/\/api.w.org\/{rel}","templated":true}]}}